{"id":11507,"date":"2023-03-16T09:54:12","date_gmt":"2023-03-16T08:54:12","guid":{"rendered":"https:\/\/pfadimurten.ch\/?page_id=11507"},"modified":"2023-03-16T10:40:38","modified_gmt":"2023-03-16T09:40:38","slug":"datenschutz","status":"publish","type":"page","link":"https:\/\/pfadimurten.ch\/index.php\/datenschutz\/","title":{"rendered":"Datenschutz"},"content":{"rendered":"\t\t<div data-elementor-type=\"wp-page\" data-elementor-id=\"11507\" class=\"elementor elementor-11507\" data-elementor-post-type=\"page\">\n\t\t\t\t\t\t<section class=\"elementor-section elementor-top-section elementor-element elementor-element-1d6bc84 elementor-section-boxed elementor-section-height-default elementor-section-height-default\" data-id=\"1d6bc84\" data-element_type=\"section\">\n\t\t\t\t\t\t<div class=\"elementor-container elementor-column-gap-default\">\n\t\t\t\t\t<div class=\"elementor-column elementor-col-100 elementor-top-column elementor-element elementor-element-c0d4d6b\" data-id=\"c0d4d6b\" data-element_type=\"column\">\n\t\t\t<div class=\"elementor-widget-wrap elementor-element-populated\">\n\t\t\t\t\t\t<div class=\"elementor-element elementor-element-ea55afc elementor-widget elementor-widget-text-editor\" data-id=\"ea55afc\" data-element_type=\"widget\" data-widget_type=\"text-editor.default\">\n\t\t\t\t<div class=\"elementor-widget-container\">\n\t\t\t\t\t\t\t<div data-id=\"1756df30\" data-element_type=\"widget\" data-widget_type=\"text-editor.default\"><div><p>Aufgrund des neuen schweizerischen Datenschutzgesetztes, \u00a0hat die Pfadi Bewegung Schweiz (PBS) eine neue Datenschutzerkl\u00e4rung erstellt.<\/p><p>Die Datenschutzerkl\u00e4rung regelt wie mit den Mitgliederdaten umgegangen wird bzw. diese gesch\u00fctzt werden. Da wir als Pfadi Andromeda Murten ein Teil der PBS sind, ist diese Datenschutzerkl\u00e4rung auch f\u00fcr uns verbindlich.<\/p><p>Hier findet ihr die neue Datenschutzerkl\u00e4rung: <a href=\"https:\/\/dse-de.scouts.ch\/\">https:\/\/dse-de.scouts.ch\/<\/a><\/p><p>\u00a0<\/p><p>\u00a0<\/p><\/div><\/div>\t\t\t\t\t\t<\/div>\n\t\t\t\t<\/div>\n\t\t\t\t<div class=\"elementor-element elementor-element-0745092 elementor-widget elementor-widget-heading\" data-id=\"0745092\" data-element_type=\"widget\" data-widget_type=\"heading.default\">\n\t\t\t\t<div class=\"elementor-widget-container\">\n\t\t\t<h2 class=\"elementor-heading-title elementor-size-default\">Website<\/h2>\t\t<\/div>\n\t\t\t\t<\/div>\n\t\t\t\t<div class=\"elementor-element elementor-element-4f753bb elementor-widget elementor-widget-text-editor\" data-id=\"4f753bb\" data-element_type=\"widget\" data-widget_type=\"text-editor.default\">\n\t\t\t\t<div class=\"elementor-widget-container\">\n\t\t\t\t\t\t\t<p><span dir=\"ltr\" role=\"presentation\">Um f\u00fcr unsere Besucher*innen die Bedienung unserer Website m\u00f6glichst<\/span><span dir=\"ltr\" role=\"presentation\"> angenehm zu gestalten, benutzen wir Cookies. Dar\u00fcber hinaus setzen wir<\/span><span dir=\"ltr\" role=\"presentation\"> Tracking<\/span><span dir=\"ltr\" role=\"presentation\">&#8211;<\/span><span dir=\"ltr\" role=\"presentation\">Tools ein, damit wir unsere Seite laufend verbessern k\u00f6nnen.<\/span><br role=\"presentation\" \/><span dir=\"ltr\" role=\"presentation\">Durch die Nut<\/span><span dir=\"ltr\" role=\"presentation\">zung dieser Website erkl\u00e4ren Sie sich mit der Nutzung<\/span><span dir=\"ltr\" role=\"presentation\"> von Cookies, sowie dem Tracking<\/span><span dir=\"ltr\" role=\"presentation\">&#8211;<\/span><span dir=\"ltr\" role=\"presentation\">Tool<\/span> <span dir=\"ltr\" role=\"presentation\">Jetpack<\/span> <span dir=\"ltr\" role=\"presentation\">einverstanden. <\/span><\/p><p>Zur Verwaltung der eingesetzten Cookies und \u00e4hnlichen Technologien (Tracking-Pixel, Web-Beacons etc.) und diesbez\u00fcglicher Einwilligungen setzen wir das Consent Tool &#8222;Real Cookie Banner&#8220; ein. Details zur Funktionsweise von &#8222;Real Cookie Banner&#8220; findest du unter <a href=\"https:\/\/devowl.io\/de\/rcb\/datenverarbeitung\/\">https:\/\/devowl.io\/de\/rcb\/datenverarbeitung\/<\/a>.<\/p><p>Rechtsgrundlagen f\u00fcr die Verarbeitung von personenbezogenen Daten in diesem Zusammenhang sind Art. 6 Abs. 1 lit. c DS-GVO und Art. 6 Abs. 1 lit. f DS-GVO. Unser berechtigtes Interesse ist die Verwaltung der eingesetzten Cookies und \u00e4hnlichen Technologien und der diesbez\u00fcglichen Einwilligungen.<\/p><p>Die Bereitstellung der personenbezogenen Daten ist weder vertraglich vorgeschrieben noch f\u00fcr den Abschluss eines Vertrages notwendig. Du bist nicht verpflichtet die personenbezogenen Daten bereitzustellen. Wenn du die personenbezogenen Daten nicht bereitstellst, k\u00f6nnen wir deine Einwilligungen nicht verwalten.<\/p><p>\u00a0<\/p>\t\t\t\t\t\t<\/div>\n\t\t\t\t<\/div>\n\t\t\t\t\t<\/div>\n\t\t<\/div>\n\t\t\t\t\t<\/div>\n\t\t<\/section>\n\t\t\t\t<\/div>\n\t\t","protected":false},"excerpt":{"rendered":"<p>Aufgrund des neuen schweizerischen Datenschutzgesetztes, \u00a0hat die Pfadi Bewegung Schweiz (PBS) eine neue Datenschutzerkl\u00e4rung erstellt. Die Datenschutzerkl\u00e4rung regelt wie mit den Mitgliederdaten umgegangen wird bzw. [&hellip;] <span class=\"read-more-link\"><a class=\"read-more\" href=\"https:\/\/pfadimurten.ch\/index.php\/datenschutz\/\">Read More<\/a><\/span><\/p>\n","protected":false},"author":7,"featured_media":0,"parent":0,"menu_order":0,"comment_status":"closed","ping_status":"closed","template":"","meta":{"footnotes":""},"jetpack_sharing_enabled":true,"publishpress_future_action":{"enabled":false,"date":"2026-04-26 03:40:13","action":"change-status","newStatus":"draft","terms":[],"taxonomy":""},"_links":{"self":[{"href":"https:\/\/pfadimurten.ch\/index.php\/wp-json\/wp\/v2\/pages\/11507"}],"collection":[{"href":"https:\/\/pfadimurten.ch\/index.php\/wp-json\/wp\/v2\/pages"}],"about":[{"href":"https:\/\/pfadimurten.ch\/index.php\/wp-json\/wp\/v2\/types\/page"}],"author":[{"embeddable":true,"href":"https:\/\/pfadimurten.ch\/index.php\/wp-json\/wp\/v2\/users\/7"}],"replies":[{"embeddable":true,"href":"https:\/\/pfadimurten.ch\/index.php\/wp-json\/wp\/v2\/comments?post=11507"}],"version-history":[{"count":15,"href":"https:\/\/pfadimurten.ch\/index.php\/wp-json\/wp\/v2\/pages\/11507\/revisions"}],"predecessor-version":[{"id":11539,"href":"https:\/\/pfadimurten.ch\/index.php\/wp-json\/wp\/v2\/pages\/11507\/revisions\/11539"}],"wp:attachment":[{"href":"https:\/\/pfadimurten.ch\/index.php\/wp-json\/wp\/v2\/media?parent=11507"}],"curies":[{"name":"wp","href":"https:\/\/api.w.org\/{rel}","templated":true}]}}