{"id":675,"date":"2020-01-02T16:47:15","date_gmt":"2020-01-02T15:47:15","guid":{"rendered":"http:\/\/pfadimurten.ch\/?page_id=675"},"modified":"2025-11-20T12:37:25","modified_gmt":"2025-11-20T11:37:25","slug":"apv-propam","status":"publish","type":"page","link":"https:\/\/pfadimurten.ch\/index.php\/apv-propam\/","title":{"rendered":"APV &#038; ProPAM"},"content":{"rendered":"\t\t<div data-elementor-type=\"wp-page\" data-elementor-id=\"675\" class=\"elementor elementor-675\" data-elementor-post-type=\"page\">\n\t\t\t\t\t\t<section class=\"elementor-section elementor-top-section elementor-element elementor-element-cbfc97d elementor-section-boxed elementor-section-height-default elementor-section-height-default\" data-id=\"cbfc97d\" data-element_type=\"section\">\n\t\t\t\t\t\t<div class=\"elementor-container elementor-column-gap-default\">\n\t\t\t\t\t<div class=\"elementor-column elementor-col-100 elementor-top-column elementor-element elementor-element-0766d9f\" data-id=\"0766d9f\" data-element_type=\"column\">\n\t\t\t<div class=\"elementor-widget-wrap elementor-element-populated\">\n\t\t\t\t\t\t<div class=\"elementor-element elementor-element-3077373 elementor-widget elementor-widget-image\" data-id=\"3077373\" data-element_type=\"widget\" data-widget_type=\"image.default\">\n\t\t\t\t<div class=\"elementor-widget-container\">\n\t\t\t\t\t\t\t\t\t\t\t\t\t<img decoding=\"async\" width=\"140\" height=\"73\" src=\"https:\/\/pfadimurten.ch\/wp-content\/uploads\/2020\/01\/propam-sig.gif\" class=\"attachment-large size-large wp-image-676\" alt=\"\" \/>\t\t\t\t\t\t\t\t\t\t\t\t\t<\/div>\n\t\t\t\t<\/div>\n\t\t\t\t<div class=\"elementor-element elementor-element-38b2e3e elementor-widget elementor-widget-heading\" data-id=\"38b2e3e\" data-element_type=\"widget\" data-widget_type=\"heading.default\">\n\t\t\t\t<div class=\"elementor-widget-container\">\n\t\t\t<h2 class=\"elementor-heading-title elementor-size-default\">Gr\u00fcndung<\/h2>\t\t<\/div>\n\t\t\t\t<\/div>\n\t\t\t\t<div class=\"elementor-element elementor-element-04bd6f2 elementor-widget elementor-widget-text-editor\" data-id=\"04bd6f2\" data-element_type=\"widget\" data-widget_type=\"text-editor.default\">\n\t\t\t\t<div class=\"elementor-widget-container\">\n\t\t\t\t\t\t\t<p>Zur Unterst\u00fctzung der Abteilung wurde 1994 der Verein Pro Pfadi Andromeda Murten (Pro PAM)<br \/>gegr\u00fcndet. Ihm geh\u00f6ren heute ein grosser Teil der Eltern sowie ehemalige Pfadis, G\u00f6nner und weitere<br \/>Freunde an. Vor einigen Jahren wurde zudem die Sektion der Altpfadfinder gegr\u00fcndet und in den<br \/>bestehenden Verein integriert.<\/p>\t\t\t\t\t\t<\/div>\n\t\t\t\t<\/div>\n\t\t\t\t<div class=\"elementor-element elementor-element-9e7d1ac elementor-widget elementor-widget-heading\" data-id=\"9e7d1ac\" data-element_type=\"widget\" data-widget_type=\"heading.default\">\n\t\t\t\t<div class=\"elementor-widget-container\">\n\t\t\t<h2 class=\"elementor-heading-title elementor-size-default\">Zweck<\/h2>\t\t<\/div>\n\t\t\t\t<\/div>\n\t\t\t\t<div class=\"elementor-element elementor-element-362a02d elementor-widget elementor-widget-text-editor\" data-id=\"362a02d\" data-element_type=\"widget\" data-widget_type=\"text-editor.default\">\n\t\t\t\t<div class=\"elementor-widget-container\">\n\t\t\t\t\t\t\t<p>Der Verein unterst\u00fctzt die Pfadi-Abteilung Andromeda in der Administration, bei den Finanzen sowie in<br \/>der \u00d6ffentlichkeitsarbeit. Nach den Vereinsstatuten hat der Verein \u201eden Zweck, der Pfadfinderabteilung<br \/>Andromeda mit Rat und Tat gem\u00e4ss den Satzungen der Pfadibewegung Schweiz beizustehen\u201c.<br \/>Gemeinsam mit der Pfadi-Abteilung wird das Pfadiheim in Murten betrieben.<\/p>\t\t\t\t\t\t<\/div>\n\t\t\t\t<\/div>\n\t\t\t\t<div class=\"elementor-element elementor-element-1796a97 elementor-widget elementor-widget-heading\" data-id=\"1796a97\" data-element_type=\"widget\" data-widget_type=\"heading.default\">\n\t\t\t\t<div class=\"elementor-widget-container\">\n\t\t\t<h2 class=\"elementor-heading-title elementor-size-default\">Mitgliedschaft<\/h2>\t\t<\/div>\n\t\t\t\t<\/div>\n\t\t\t\t<div class=\"elementor-element elementor-element-b4285d2 elementor-widget elementor-widget-text-editor\" data-id=\"b4285d2\" data-element_type=\"widget\" data-widget_type=\"text-editor.default\">\n\t\t\t\t<div class=\"elementor-widget-container\">\n\t\t\t\t\t\t\t<p>Die Pfadibewegung in der Region Murten braucht die ideelle und finanzielle Unterst\u00fctzung von Eltern,<br \/>G\u00f6nnern oder Freunden. Alle Personen oder Firmen k\u00f6nnen Mitglied des Vereins werden. Nehmen<br \/>Sie bei Interesse bitte Kontakt mit einem Vorstandmitglied auf. Die aktuellen Mitgliederbeitr\u00e4ge sind:<br \/>Einzelmitglieder CHF 30.00<br \/>Paare CHF 50.00<br \/>G\u00f6nner einzeln CHF 80.00<br \/>G\u00f6nner Paare CHF 100.00<\/p>\t\t\t\t\t\t<\/div>\n\t\t\t\t<\/div>\n\t\t\t\t<div class=\"elementor-element elementor-element-f5dd04a elementor-widget elementor-widget-heading\" data-id=\"f5dd04a\" data-element_type=\"widget\" data-widget_type=\"heading.default\">\n\t\t\t\t<div class=\"elementor-widget-container\">\n\t\t\t<h2 class=\"elementor-heading-title elementor-size-default\">Anl\u00e4sse<\/h2>\t\t<\/div>\n\t\t\t\t<\/div>\n\t\t\t\t<div class=\"elementor-element elementor-element-05374e8 elementor-widget elementor-widget-text-editor\" data-id=\"05374e8\" data-element_type=\"widget\" data-widget_type=\"text-editor.default\">\n\t\t\t\t<div class=\"elementor-widget-container\">\n\t\t\t\t\t\t\t<p>Der Verein f\u00fchrt die meisten seiner Anl\u00e4sse in Zusammenarbeit mit der Pfadi-Abteilung Andromeda<br \/>durch. Die Generalversammlung des Vereins und der dazugeh\u00f6rige Pfadigeburtstag ist der wichtigste<br \/>Anlass des Vereins. Zudem gibt es mindestens einmal im Jahr einen Arbeitstag beim Pfadiheim, um<br \/>den Unterhalt zu gew\u00e4hrleisten, sowie die Unterst\u00fctzung des Fackellaufs der Gemeinde Murten. Der<br \/>Verein unterst\u00fctzt zudem finanziell einmal im Jahr einen Dankesch\u00f6nanlass f\u00fcr das Leiterteam.<br \/>Der APV hat zwei gesellige Anl\u00e4sse im Jahr, um den Kontakt zu pflegen, etwas gemeinsam zu<br \/>Unternehmen und sich \u00fcber alte Zeiten zu unterhalten.<\/p>\t\t\t\t\t\t<\/div>\n\t\t\t\t<\/div>\n\t\t\t\t<div class=\"elementor-element elementor-element-73c9190 elementor-widget elementor-widget-heading\" data-id=\"73c9190\" data-element_type=\"widget\" data-widget_type=\"heading.default\">\n\t\t\t\t<div class=\"elementor-widget-container\">\n\t\t\t<h2 class=\"elementor-heading-title elementor-size-default\">Vorstand<\/h2>\t\t<\/div>\n\t\t\t\t<\/div>\n\t\t\t\t<div class=\"elementor-element elementor-element-5f20685 elementor-widget elementor-widget-text-editor\" data-id=\"5f20685\" data-element_type=\"widget\" data-widget_type=\"text-editor.default\">\n\t\t\t\t<div class=\"elementor-widget-container\">\n\t\t\t\t\t\t\t<p>Der Vorstand setzt sich aus folgenden Personen zusammen:<br \/>Cornelia Sauvain v\/o Fayum (Pr\u00e4sidentin &amp;amp; APV)<br \/>Michael Watzek (Finanzen)<br \/>Nadine Calislar-Bangerter (Eltern)<br \/>Anneke Glabasnia (Eltern)<\/p><p><br \/>Sowie zus\u00e4tzlich bei den Sitzungen dabei:<br \/>Sarah Schneiter v\/o Abeille (AL)<br \/>Flurina B\u00fchler v\/o Emoji\u00a0(AL)<\/p>\t\t\t\t\t\t<\/div>\n\t\t\t\t<\/div>\n\t\t\t\t<div class=\"elementor-element elementor-element-16dc487 elementor-widget elementor-widget-heading\" data-id=\"16dc487\" data-element_type=\"widget\" data-widget_type=\"heading.default\">\n\t\t\t\t<div class=\"elementor-widget-container\">\n\t\t\t<h2 class=\"elementor-heading-title elementor-size-default\">Kontakt<\/h2>\t\t<\/div>\n\t\t\t\t<\/div>\n\t\t\t\t<div class=\"elementor-element elementor-element-d246913 elementor-widget elementor-widget-text-editor\" data-id=\"d246913\" data-element_type=\"widget\" data-widget_type=\"text-editor.default\">\n\t\t\t\t<div class=\"elementor-widget-container\">\n\t\t\t\t\t\t\t<p>Gerne sind wir unter vorstand@pfadimurten.ch f\u00fcr Sie erreichbar.<\/p>\t\t\t\t\t\t<\/div>\n\t\t\t\t<\/div>\n\t\t\t\t\t<\/div>\n\t\t<\/div>\n\t\t\t\t\t<\/div>\n\t\t<\/section>\n\t\t\t\t<\/div>\n\t\t","protected":false},"excerpt":{"rendered":"<p>Gr\u00fcndung Zur Unterst\u00fctzung der Abteilung wurde 1994 der Verein Pro Pfadi Andromeda Murten (Pro PAM)gegr\u00fcndet. Ihm geh\u00f6ren heute ein grosser Teil der Eltern sowie ehemalige [&hellip;] <span class=\"read-more-link\"><a class=\"read-more\" href=\"https:\/\/pfadimurten.ch\/index.php\/apv-propam\/\">Read More<\/a><\/span><\/p>\n","protected":false},"author":2,"featured_media":0,"parent":0,"menu_order":0,"comment_status":"closed","ping_status":"closed","template":"","meta":{"footnotes":""},"jetpack_sharing_enabled":true,"publishpress_future_action":{"enabled":false,"date":"2026-04-26 03:11:38","action":"change-status","newStatus":"draft","terms":[],"taxonomy":""},"_links":{"self":[{"href":"https:\/\/pfadimurten.ch\/index.php\/wp-json\/wp\/v2\/pages\/675"}],"collection":[{"href":"https:\/\/pfadimurten.ch\/index.php\/wp-json\/wp\/v2\/pages"}],"about":[{"href":"https:\/\/pfadimurten.ch\/index.php\/wp-json\/wp\/v2\/types\/page"}],"author":[{"embeddable":true,"href":"https:\/\/pfadimurten.ch\/index.php\/wp-json\/wp\/v2\/users\/2"}],"replies":[{"embeddable":true,"href":"https:\/\/pfadimurten.ch\/index.php\/wp-json\/wp\/v2\/comments?post=675"}],"version-history":[{"count":30,"href":"https:\/\/pfadimurten.ch\/index.php\/wp-json\/wp\/v2\/pages\/675\/revisions"}],"predecessor-version":[{"id":12419,"href":"https:\/\/pfadimurten.ch\/index.php\/wp-json\/wp\/v2\/pages\/675\/revisions\/12419"}],"wp:attachment":[{"href":"https:\/\/pfadimurten.ch\/index.php\/wp-json\/wp\/v2\/media?parent=675"}],"curies":[{"name":"wp","href":"https:\/\/api.w.org\/{rel}","templated":true}]}}